{"id":110,"date":"2017-03-01T17:46:11","date_gmt":"2017-03-01T17:46:11","guid":{"rendered":"http:\/\/karin.ajanweb.com\/?page_id=110"},"modified":"2025-05-14T11:38:14","modified_gmt":"2025-05-14T11:38:14","slug":"hakkimizda","status":"publish","type":"page","link":"https:\/\/karinnuts.com\/tr\/hakkimizda\/","title":{"rendered":"HAKKIMIZDA"},"content":{"rendered":"<\/div><\/div><\/div><!-- close content main div --><\/div><\/div><div id='av_section_1' class='avia-section main_color avia-section-default avia-no-border-styling avia-full-stretch av-section-color-overlay-active avia-bg-style-scroll  av-minimum-height av-minimum-height-custom container_wrap sidebar_right' style = 'background-repeat: no-repeat; background-image: url(https:\/\/karinnuts.com\/wp-content\/uploads\/2025\/05\/Karin-Home-Slider1.jpg); background-attachment: scroll; background-position: center center; ' data-section-bg-repeat='stretch' ><div class='av-section-color-overlay-wrap'><div class='av-section-color-overlay' style='opacity: 0.4; background-color: #000000; '><\/div><div class='container' style='height:300px'><div class='template-page content  av-content-small alpha units'><div class='post-entry post-entry-type-page post-entry-110'><div class='entry-content-wrapper clearfix'><\/div><\/div><\/div><!-- close content main div --><\/div><\/div><\/div><div id='after_section_1' class='main_color av_default_container_wrap container_wrap sidebar_right'   ><div class='container' ><div class='template-page content  av-content-small alpha units'><div class='post-entry post-entry-type-page post-entry-110'><div class='entry-content-wrapper clearfix'>\n<\/div><\/div><\/div><!-- close content main div --><\/div><\/div><div id='av_section_2' class='avia-section main_color avia-section-default avia-no-shadow avia-bg-style-scroll  container_wrap sidebar_right'   ><div class='container' ><div class='template-page content  av-content-small alpha units'><div class='post-entry post-entry-type-page post-entry-110'><div class='entry-content-wrapper clearfix'>\n<div class=\"flex_column av_one_half  flex_column_div av-zero-column-padding first  \" style='border-radius:0px; '><p><div style='padding-bottom:10px;font-size:32px;' class='av-special-heading av-special-heading-h2  blockquote modern-quote modern-centered   av-inherit-size'><h2 class='av-special-heading-tag'  itemprop=\"headline\"  >KAR\u0130N GIDA<\/h2><div class='special-heading-border'><div class='special-heading-inner-border' ><\/div><\/div><\/div><br \/>\n<div style=' margin-top:10px; margin-bottom:20px;'  class='hr hr-custom hr-center hr-icon-yes '><span class='hr-inner   inner-border-av-border-fat' style=' width:150px; border-color:#7e0b00;' ><span class='hr-inner-style'><\/span><\/span><span class='av-seperator-icon' style='color:#7e0b00;' aria-hidden='true' data-av_icon='\ue8b8' data-av_iconfont='entypo-fontello'><\/span><span class='hr-inner   inner-border-av-border-fat' style=' width:150px; border-color:#7e0b00;' ><span class='hr-inner-style'><\/span><\/span><\/div><br \/>\n<section class=\"av_textblock_section\"  itemscope=\"itemscope\" itemtype=\"https:\/\/schema.org\/CreativeWork\" ><div class='avia_textblock '   itemprop=\"text\" ><p>Karin G\u0131da 1990 y\u0131l\u0131nda kurulmu\u015f olup, T\u00fcrkiye&#8217;nin \u00f6nde gelen imalat\u00e7\u0131- ihracat\u00e7\u0131 firmalar\u0131ndan biridir.<\/p>\n<p>Kuruldu\u011fu g\u00fcnden bug\u00fcne end\u00fcstriyel f\u0131nd\u0131k ihracat\u0131n\u0131 uluslararas\u0131 kalite sertifikalar\u0131 ile d\u00fcnyan\u0131n \u00f6nde gelen firmalar\u0131na ger\u00e7ekle\u015ftirmektedir.<\/p>\n<p>Karin G\u0131da olarak hem i\u00e7 piyasada hem yurt d\u0131\u015f\u0131nda, sekt\u00f6r\u00fcnde lider \u00fcretici firmalar\u0131n ilgili taleplerini, en k\u0131sa s\u00fcrede, kalite g\u00fcvence ve m\u00fc\u015fteri memnuniyeti \u00e7er\u00e7evesinde tedarik etmekteyiz. \u00dcr\u00fcnlerimizi m\u00fc\u015fterilerimizin istekleri do\u011frultusunda ezme(f\u00fcre), k\u0131y\u0131lm\u0131\u015f, tane\u00a0 ve \u015fekerli olarak istenilen formda ve ambalajlarda olu\u015fturmaktay\u0131z.<\/p>\n<p>Sahip oldu\u011fumuz uluslararas\u0131 sertifikalar\u0131m\u0131z\u0131n yan\u0131nda, ayr\u0131ca SEDEX \u00fcyeli\u011fimiz de bulunmaktad\u0131r.<\/p>\n<ul>\n<li>ISO 22000<\/li>\n<li>Kosher Certification<\/li>\n<li>Halal Certification<\/li>\n<li>BRC Global Standart Food Safety<\/li>\n<li>Rainforest-KIWA<\/li>\n<\/ul>\n<p>F\u0131nd\u0131k sekt\u00f6r\u00fcnde T\u00fcrkiye\u2019nin k\u00f6kl\u00fc imalat\u00e7\u0131 ve ihracat\u00e7\u0131 firmalar\u0131ndan biri olan Karin G\u0131da, mavi ve beyaz yakal\u0131 olmak \u00fczere %70 gibi y\u00fcksek bir oranla b\u00f6lgesindeki kad\u0131n istihdam\u0131na destek vermektedir.<\/p>\n<p>G\u00fcvenilir kalitesi, tedarik s\u00fcreklili\u011fi ve rekabet\u00e7i fiyat politikas\u0131 ile sizin i\u00e7in buraday\u0131z.<\/p>\n<\/div><\/section><\/p><\/div><div class=\"flex_column av_one_half  flex_column_div av-zero-column-padding   \" style='border-radius:0px; '><p><div style='height:20px' class='hr hr-invisible '><span class='hr-inner ' ><span class='hr-inner-style'><\/span><\/span><\/div><br \/>\n<div class='avia-gallery avia-gallery-1 avia_lazyload avia_animate_when_visible '  itemscope=\"itemscope\" itemtype=\"https:\/\/schema.org\/ImageObject\" ><a class='avia-gallery-big fakeLightbox avianolink noLightbox avia-gallery-big-crop-thumb ' href='https:\/\/karinnuts.com\/wp-content\/uploads\/2017\/03\/atellier187397-1030x386.jpg'  data-onclick='1' title='' ><span class='avia-gallery-big-inner'  itemprop=\"thumbnailUrl\" >\t<img width='1500' height='630' src='https:\/\/karinnuts.com\/wp-content\/uploads\/2017\/03\/atellier187397-1500x630.jpg' title='atellier187397' alt='' \/><\/span><\/a><div class='avia-gallery-thumb'> <a href='https:\/\/karinnuts.com\/wp-content\/uploads\/2017\/03\/atellier187397-1030x386.jpg' data-rel='gallery-1' data-prev-img='https:\/\/karinnuts.com\/wp-content\/uploads\/2017\/03\/atellier187397-1500x630.jpg' class='first_thumb avianolink noLightbox ' data-onclick='1' title=''  itemprop=\"thumbnailUrl\" ><img  src='https:\/\/karinnuts.com\/wp-content\/uploads\/2017\/03\/atellier187397-495x400.jpg' width='495' height='400'  title='atellier187397' alt='' \/><\/a> <a href='https:\/\/karinnuts.com\/wp-content\/uploads\/2017\/03\/mg_9714-1030x694.jpg' data-rel='gallery-1' data-prev-img='https:\/\/karinnuts.com\/wp-content\/uploads\/2017\/03\/mg_9714-1500x630.jpg' class='avianolink noLightbox ' data-onclick='2' title=''  itemprop=\"thumbnailUrl\" ><img  src='https:\/\/karinnuts.com\/wp-content\/uploads\/2017\/03\/mg_9714-495x400.jpg' width='495' height='400'  title='mg_9714' alt='' \/><\/a> <a href='https:\/\/karinnuts.com\/wp-content\/uploads\/2017\/03\/mg_9744-1030x687.jpg' data-rel='gallery-1' data-prev-img='https:\/\/karinnuts.com\/wp-content\/uploads\/2017\/03\/mg_9744-1500x630.jpg' class='avianolink noLightbox ' data-onclick='3' title=''  itemprop=\"thumbnailUrl\" ><img  src='https:\/\/karinnuts.com\/wp-content\/uploads\/2017\/03\/mg_9744-495x400.jpg' width='495' height='400'  title='mg_9744' alt='' \/><\/a> <a href='https:\/\/karinnuts.com\/wp-content\/uploads\/2025\/04\/2023-12-09-Karin-Smaller-86-1030x589.jpg' data-rel='gallery-1' data-prev-img='https:\/\/karinnuts.com\/wp-content\/uploads\/2025\/04\/2023-12-09-Karin-Smaller-86-1500x630.jpg' class='first_thumb avianolink noLightbox ' data-onclick='4' title=''  itemprop=\"thumbnailUrl\" ><img  src='https:\/\/karinnuts.com\/wp-content\/uploads\/2025\/04\/2023-12-09-Karin-Smaller-86-495x400.jpg' width='495' height='400'  title='2023-12-09 Karin Smaller 86' alt='' \/><\/a> <a href='https:\/\/karinnuts.com\/wp-content\/uploads\/2025\/04\/2023-12-09-Karin-Smaller-23-1030x552.jpg' data-rel='gallery-1' data-prev-img='https:\/\/karinnuts.com\/wp-content\/uploads\/2025\/04\/2023-12-09-Karin-Smaller-23-1500x630.jpg' class='avianolink noLightbox ' data-onclick='5' title=''  itemprop=\"thumbnailUrl\" ><img  src='https:\/\/karinnuts.com\/wp-content\/uploads\/2025\/04\/2023-12-09-Karin-Smaller-23-495x400.jpg' width='495' height='400'  title='2023-12-09 Karin Smaller 23' alt='' \/><\/a> <a href='https:\/\/karinnuts.com\/wp-content\/uploads\/2025\/04\/2023-12-09-Karin-Smaller-25-1030x687.jpg' data-rel='gallery-1' data-prev-img='https:\/\/karinnuts.com\/wp-content\/uploads\/2025\/04\/2023-12-09-Karin-Smaller-25-1500x630.jpg' class='avianolink noLightbox ' data-onclick='6' title=''  itemprop=\"thumbnailUrl\" ><img  src='https:\/\/karinnuts.com\/wp-content\/uploads\/2025\/04\/2023-12-09-Karin-Smaller-25-495x400.jpg' width='495' height='400'  title='2023-12-09 Karin Smaller 25' alt='' \/><\/a> <a href='https:\/\/karinnuts.com\/wp-content\/uploads\/2025\/04\/2023-12-09-Karin-Smaller-43-1030x687.jpg' data-rel='gallery-1' data-prev-img='https:\/\/karinnuts.com\/wp-content\/uploads\/2025\/04\/2023-12-09-Karin-Smaller-43-1500x630.jpg' class='first_thumb avianolink noLightbox ' data-onclick='7' title=''  itemprop=\"thumbnailUrl\" ><img  src='https:\/\/karinnuts.com\/wp-content\/uploads\/2025\/04\/2023-12-09-Karin-Smaller-43-495x400.jpg' width='495' height='400'  title='2023-12-09 Karin Smaller 43' alt='' \/><\/a> <a href='https:\/\/karinnuts.com\/wp-content\/uploads\/2025\/04\/2023-12-09-Karin-Smaller-46-1030x687.jpg' data-rel='gallery-1' data-prev-img='https:\/\/karinnuts.com\/wp-content\/uploads\/2025\/04\/2023-12-09-Karin-Smaller-46-1500x630.jpg' class='avianolink noLightbox ' data-onclick='8' title=''  itemprop=\"thumbnailUrl\" ><img  src='https:\/\/karinnuts.com\/wp-content\/uploads\/2025\/04\/2023-12-09-Karin-Smaller-46-495x400.jpg' width='495' height='400'  title='2023-12-09 Karin Smaller 46' alt='' \/><\/a> <a href='https:\/\/karinnuts.com\/wp-content\/uploads\/2025\/04\/2023-12-09-Karin-Smaller-48-1030x687.jpg' data-rel='gallery-1' data-prev-img='https:\/\/karinnuts.com\/wp-content\/uploads\/2025\/04\/2023-12-09-Karin-Smaller-48-1500x630.jpg' class='avianolink noLightbox ' data-onclick='9' title=''  itemprop=\"thumbnailUrl\" ><img  src='https:\/\/karinnuts.com\/wp-content\/uploads\/2025\/04\/2023-12-09-Karin-Smaller-48-495x400.jpg' width='495' height='400'  title='2023-12-09 Karin Smaller 48' alt='' \/><\/a> <a href='https:\/\/karinnuts.com\/wp-content\/uploads\/2025\/04\/2023-12-09-Karin-Smaller-57-1030x687.jpg' data-rel='gallery-1' data-prev-img='https:\/\/karinnuts.com\/wp-content\/uploads\/2025\/04\/2023-12-09-Karin-Smaller-57-1500x630.jpg' class='first_thumb avianolink noLightbox ' data-onclick='10' title=''  itemprop=\"thumbnailUrl\" ><img  src='https:\/\/karinnuts.com\/wp-content\/uploads\/2025\/04\/2023-12-09-Karin-Smaller-57-495x400.jpg' width='495' height='400'  title='2023-12-09 Karin Smaller 57' alt='' \/><\/a> <a href='https:\/\/karinnuts.com\/wp-content\/uploads\/2025\/04\/2023-12-09-Karin-Smaller-66-1030x687.jpg' data-rel='gallery-1' data-prev-img='https:\/\/karinnuts.com\/wp-content\/uploads\/2025\/04\/2023-12-09-Karin-Smaller-66-1500x630.jpg' class='avianolink noLightbox ' data-onclick='11' title=''  itemprop=\"thumbnailUrl\" ><img  src='https:\/\/karinnuts.com\/wp-content\/uploads\/2025\/04\/2023-12-09-Karin-Smaller-66-495x400.jpg' width='495' height='400'  title='2023-12-09 Karin Smaller 66' alt='' \/><\/a><\/div><\/div><\/p><\/div>\n<\/div><\/div><\/div><!-- close content main div --><\/div><\/div><div id='after_section_2' class='main_color av_default_container_wrap container_wrap sidebar_right'   ><div class='container' ><div class='template-page content  av-content-small alpha units'><div class='post-entry post-entry-type-page post-entry-110'><div class='entry-content-wrapper clearfix'>\n<\/div><\/div><\/div><!-- close content main div --><\/div><\/div><div id='av_section_3' class='avia-section main_color avia-section-default avia-no-border-styling avia-bg-style-scroll  container_wrap sidebar_right' style = 'background-color: #ffffff; '  ><div class='av-section-color-overlay-wrap'><a href='#next-section' title='' class='scroll-down-link' aria-hidden='true' data-av_icon='\ue877' data-av_iconfont='entypo-fontello'><\/a><div class='container' ><div class='template-page content  av-content-small alpha units'><div class='post-entry post-entry-type-page post-entry-110'><div class='entry-content-wrapper clearfix'>\n<div style='padding-bottom:0px;color:#7e0b00;font-size:28px;' class='av-special-heading av-special-heading-h2 custom-color-heading blockquote modern-quote modern-centered   av-inherit-size'><h2 class='av-special-heading-tag'  itemprop=\"headline\"  >Bug\u00fcne Kadar \u0130hracat Yapt\u0131\u011f\u0131m\u0131z \u00dclkeler<\/h2><div class='special-heading-border'><div class='special-heading-inner-border' style='border-color:#7e0b00'><\/div><\/div><\/div>\n<\/div><\/div><\/div><!-- close content main div --><\/div><div class='av-extra-border-element border-extra-arrow-down'><div class='av-extra-border-outer'><div class='av-extra-border-inner'  style='background-color:#ffffff;' ><\/div><\/div><\/div><\/div><\/div><div id='after_section_3' class='main_color av_default_container_wrap container_wrap sidebar_right'   ><div class='container' ><div class='template-page content  av-content-small alpha units'><div class='post-entry post-entry-type-page post-entry-110'><div class='entry-content-wrapper clearfix'>\n<\/div><\/div><\/div><!-- close content main div --><\/div><div class='av-extra-border-element border-extra-arrow-down'><div class='av-extra-border-outer'><div class='av-extra-border-inner'  style='background-color:#ffffff;' ><\/div><\/div><\/div><\/div><div id='av-layout-grid-1' class='av-layout-grid-container entry-content-wrapper main_color av-flex-cells  container_wrap sidebar_right'   >\n<div class=\"flex_cell no_margin av_one_full   av-zero-padding \" style='vertical-align:top; padding:0px; background-color:#7e3932; '><div class='flex_cell_inner' ><div id='av_gmap_1' class='avia-google-map-container' data-mapid='1' style='height: 500px;'><\/div>\n<\/div><\/div>\n<\/div>\n","protected":false},"excerpt":{"rendered":"","protected":false},"author":1,"featured_media":0,"parent":0,"menu_order":20,"comment_status":"closed","ping_status":"closed","template":"","meta":{"footnotes":""},"class_list":["post-110","page","type-page","status-publish","hentry"],"_links":{"self":[{"href":"https:\/\/karinnuts.com\/tr\/wp-json\/wp\/v2\/pages\/110","targetHints":{"allow":["GET"]}}],"collection":[{"href":"https:\/\/karinnuts.com\/tr\/wp-json\/wp\/v2\/pages"}],"about":[{"href":"https:\/\/karinnuts.com\/tr\/wp-json\/wp\/v2\/types\/page"}],"author":[{"embeddable":true,"href":"https:\/\/karinnuts.com\/tr\/wp-json\/wp\/v2\/users\/1"}],"replies":[{"embeddable":true,"href":"https:\/\/karinnuts.com\/tr\/wp-json\/wp\/v2\/comments?post=110"}],"version-history":[{"count":13,"href":"https:\/\/karinnuts.com\/tr\/wp-json\/wp\/v2\/pages\/110\/revisions"}],"predecessor-version":[{"id":1059,"href":"https:\/\/karinnuts.com\/tr\/wp-json\/wp\/v2\/pages\/110\/revisions\/1059"}],"wp:attachment":[{"href":"https:\/\/karinnuts.com\/tr\/wp-json\/wp\/v2\/media?parent=110"}],"curies":[{"name":"wp","href":"https:\/\/api.w.org\/{rel}","templated":true}]}}