{"id":127,"date":"2017-03-01T18:02:09","date_gmt":"2017-03-01T18:02:09","guid":{"rendered":"http:\/\/karin.ajanweb.com\/?page_id=127"},"modified":"2025-05-14T12:45:36","modified_gmt":"2025-05-14T12:45:36","slug":"urunlerimiz","status":"publish","type":"page","link":"https:\/\/karinnuts.com\/tr\/urunlerimiz\/","title":{"rendered":"\u00dcR\u00dcNLER\u0130M\u0130Z"},"content":{"rendered":"<\/div><\/div><\/div><!-- close content main div --><\/div><\/div><div id='av_section_1' class='avia-section main_color avia-section-default avia-no-border-styling avia-full-stretch av-section-color-overlay-active avia-bg-style-scroll  av-minimum-height av-minimum-height-custom container_wrap sidebar_right' style = 'background-repeat: no-repeat; background-image: url(https:\/\/karinnuts.com\/wp-content\/uploads\/2025\/05\/Karin-Home-Slider2-1.jpg); background-attachment: scroll; background-position: top center; ' data-section-bg-repeat='stretch' ><div class='av-section-color-overlay-wrap'><div class='av-section-color-overlay' style='opacity: 0.4; background-color: #000000; '><\/div><div class='container' style='height:250px'><div class='template-page content  av-content-small alpha units'><div class='post-entry post-entry-type-page post-entry-127'><div class='entry-content-wrapper clearfix'><\/div><\/div><\/div><!-- close content main div --><\/div><\/div><\/div><div id='after_section_1' class='main_color av_default_container_wrap container_wrap sidebar_right'   ><div class='container' ><div class='template-page content  av-content-small alpha units'><div class='post-entry post-entry-type-page post-entry-127'><div class='entry-content-wrapper clearfix'>\n<\/div><\/div><\/div><!-- close content main div --><\/div><\/div><div id='av_section_2' class='avia-section main_color avia-section-default avia-no-shadow avia-bg-style-scroll  container_wrap sidebar_right'   ><div class='container' ><div class='template-page content  av-content-small alpha units'><div class='post-entry post-entry-type-page post-entry-127'><div class='entry-content-wrapper clearfix'>\n<div class=\"flex_column av_one_fifth  flex_column_div av-zero-column-padding first  \" style='border-radius:0px; '><\/div><div class=\"flex_column av_three_fifth  flex_column_div av-zero-column-padding   \" style='border-radius:0px; '><p><div style='padding-bottom:10px;font-size:32px;' class='av-special-heading av-special-heading-h2  blockquote modern-quote modern-centered   av-inherit-size'><h2 class='av-special-heading-tag'  itemprop=\"headline\"  >\u00dcR\u00dcNLER\u0130M\u0130Z<\/h2><div class='special-heading-border'><div class='special-heading-inner-border' ><\/div><\/div><\/div><br \/>\n<div style=' margin-top:10px; margin-bottom:20px;'  class='hr hr-custom hr-center hr-icon-yes '><span class='hr-inner   inner-border-av-border-fat' style=' width:150px; border-color:#7e0b00;' ><span class='hr-inner-style'><\/span><\/span><span class='av-seperator-icon' style='color:#7e0b00;' aria-hidden='true' data-av_icon='\ue8b8' data-av_iconfont='entypo-fontello'><\/span><span class='hr-inner   inner-border-av-border-fat' style=' width:150px; border-color:#7e0b00;' ><span class='hr-inner-style'><\/span><\/span><\/div><br \/>\n<section class=\"av_textblock_section\"  itemscope=\"itemscope\" itemtype=\"https:\/\/schema.org\/CreativeWork\" ><div class='avia_textblock '   itemprop=\"text\" ><p style=\"text-align: center;\">Karin G\u0131da 1990 y\u0131l\u0131nda kurulmu\u015f olup, T\u00fcrkiye&#8217;nin \u00f6nde gelen imalat\u00e7\u0131- ihracat\u00e7\u0131 firmalar\u0131ndan biridir.<br \/>\nKuruldu\u011fu g\u00fcnden bug\u00fcne end\u00fcstriyel f\u0131nd\u0131k ihracat\u0131n\u0131 uluslararas\u0131 kalite sertifikalar\u0131 ile d\u00fcnyan\u0131n \u00f6nde gelen firmalar\u0131na ger\u00e7ekle\u015ftirmektedir.<\/p>\n<\/div><\/section><br \/>\n<div class='avia-image-container  av-styling-   avia-align-center '  itemscope=\"itemscope\" itemtype=\"https:\/\/schema.org\/ImageObject\"  ><div class='avia-image-container-inner'><a href='https:\/\/karinnuts.com\/wp-content\/uploads\/2025\/04\/urun-listesi.pdf' class='avia_image'   target=\"_blank\" ><img class='avia_image ' src='https:\/\/karinnuts.com\/wp-content\/uploads\/2025\/04\/FUListesi.jpg' alt='' title='FUListesi'  itemprop=\"thumbnailUrl\"  \/><\/a><\/div><\/div><\/p><\/div><div class=\"flex_column av_one_fifth  flex_column_div av-zero-column-padding   \" style='border-radius:0px; '><\/div><div class='sort_width_container av-sort-yes-tax' data-portfolio-id='1' ><div id='js_sort_items' ><div class='av-current-sort-title'><span class=\"inner_sort_button\"><span>T\u00fcm\u00fc<\/span><small class=\"av-cat-count\"> 7 <\/small><\/span><\/div><div class='sort_by_cat hidden '><a href=\"#\" data-filter=\"all_sort\" class=\"all_sort_button active_sort\"><span class=\"inner_sort_button\"><span>T\u00fcm\u00fc<\/span><small class=\"av-cat-count\"> 7 <\/small><\/span><\/a><span class='text-sep findik_sort_sep'>\/<\/span><a href=\"#\" data-filter=\"findik_sort\" class=\"findik_sort_button\" ><span class=\"inner_sort_button\"><span>FINDIK<\/span><small class='av-cat-count'> 7 <\/small><\/span><\/a><\/div><\/div><\/div><div class='portfolio_preview_container ' data-portfolio-id='1'>\n\t\t\t\t\t\t\t\t<div class='ajax_controlls iconfont'>\n\t\t\t\t\t\t\t\t\t<a href='#prev' class='ajax_previous' \taria-hidden='true' data-av_icon='\ue878' data-av_iconfont='entypo-fontello'><\/a>\n\t\t\t\t\t\t\t\t\t<a href='#next' class='ajax_next'\t\taria-hidden='true' data-av_icon='\ue879' data-av_iconfont='entypo-fontello'><\/a>\n\t\t\t\t\t\t\t\t\t<a class='avia_close' href='#close'\t\taria-hidden='true' data-av_icon='\ue814' data-av_iconfont='entypo-fontello'><\/a>\n\t\t\t\t\t\t\t\t<\/div>\n\t\t\t\t\t\t\t\t<div class='portfolio-details-inner'><\/div>\n\t\t\t\t\t\t\t<\/div><div class=' grid-sort-container isotope no_margin-container with-excerpt-container grid-total-odd grid-col-4 grid-links-ajax' data-portfolio-id='1'><div data-ajax-id='39' class=' grid-entry flex_column isotope-item all_sort no_margin post-entry post-entry-39 grid-entry-overview grid-loop-1 grid-parity-odd  findik_sort naturel-findik_sort  av_one_fourth first default_av_fullwidth '><article class='main_color inner-entry'  itemscope=\"itemscope\" itemtype=\"https:\/\/schema.org\/CreativeWork\" ><a href='https:\/\/karinnuts.com\/tr\/urun\/naturel-findik-tane\/' title='NATUREL FINDIK TANE'  data-rel='grid-1' class='grid-image avia-hover-fx'><img loading=\"lazy\" decoding=\"async\" width=\"260\" height=\"185\" src=\"https:\/\/karinnuts.com\/wp-content\/uploads\/2017\/03\/1-natural-hazelnut-kernels-1-260x185.jpg\" class=\"attachment-portfolio_small size-portfolio_small wp-post-image\" alt=\"\" \/><\/a><div class='grid-content'><div class='avia-arrow'><\/div><header class=\"entry-content-header\"><h3 class='grid-entry-title entry-title'  itemprop=\"headline\" ><a href='https:\/\/karinnuts.com\/tr\/urun\/naturel-findik-tane\/' title='NATUREL FINDIK TANE'>NATUREL FINDIK TANE<\/a><\/h3><\/header><\/div><footer class=\"entry-footer\"><\/footer><\/article><\/div><div data-ajax-id='560' class=' grid-entry flex_column isotope-item all_sort no_margin post-entry post-entry-560 grid-entry-overview grid-loop-2 grid-parity-even  findik_sort kavrulmus-findik_sort  av_one_fourth  default_av_fullwidth '><article class='main_color inner-entry'  itemscope=\"itemscope\" itemtype=\"https:\/\/schema.org\/CreativeWork\" ><a href='https:\/\/karinnuts.com\/tr\/urun\/kavrulmus-findik-tane-2\/' title='KAVRULMU\u015e FINDIK TANE'  data-rel='grid-1' class='grid-image avia-hover-fx'><img loading=\"lazy\" decoding=\"async\" width=\"260\" height=\"185\" src=\"https:\/\/karinnuts.com\/wp-content\/uploads\/2017\/04\/2-roasted-hazelnut-whole-3-260x185.jpg\" class=\"attachment-portfolio_small size-portfolio_small wp-post-image\" alt=\"\" \/><\/a><div class='grid-content'><div class='avia-arrow'><\/div><header class=\"entry-content-header\"><h3 class='grid-entry-title entry-title'  itemprop=\"headline\" ><a href='https:\/\/karinnuts.com\/tr\/urun\/kavrulmus-findik-tane-2\/' title='KAVRULMU\u015e FINDIK TANE'>KAVRULMU\u015e FINDIK TANE<\/a><\/h3><\/header><\/div><footer class=\"entry-footer\"><\/footer><\/article><\/div><div data-ajax-id='49' class=' grid-entry flex_column isotope-item all_sort no_margin post-entry post-entry-49 grid-entry-overview grid-loop-3 grid-parity-odd  findik_sort kavrulmus-findik_sort  av_one_fourth  default_av_fullwidth '><article class='main_color inner-entry'  itemscope=\"itemscope\" itemtype=\"https:\/\/schema.org\/CreativeWork\" ><a href='https:\/\/karinnuts.com\/tr\/urun\/kavrulmus-findik-kiyilmis\/' title='KAVRULMU\u015e FINDIK KIYILMI\u015e'  data-rel='grid-1' class='grid-image avia-hover-fx'><img loading=\"lazy\" decoding=\"async\" width=\"260\" height=\"185\" src=\"https:\/\/karinnuts.com\/wp-content\/uploads\/2017\/03\/3-roasted-hazelnut-chopped-3-260x185.jpg\" class=\"attachment-portfolio_small size-portfolio_small wp-post-image\" alt=\"\" \/><\/a><div class='grid-content'><div class='avia-arrow'><\/div><header class=\"entry-content-header\"><h3 class='grid-entry-title entry-title'  itemprop=\"headline\" ><a href='https:\/\/karinnuts.com\/tr\/urun\/kavrulmus-findik-kiyilmis\/' title='KAVRULMU\u015e FINDIK KIYILMI\u015e'>KAVRULMU\u015e FINDIK KIYILMI\u015e<\/a><\/h3><\/header><\/div><footer class=\"entry-footer\"><\/footer><\/article><\/div><div data-ajax-id='51' class=' grid-entry flex_column isotope-item all_sort no_margin post-entry post-entry-51 grid-entry-overview grid-loop-4 grid-parity-even  findik_sort kavrulmus-findik_sort  av_one_fourth  default_av_fullwidth '><article class='main_color inner-entry'  itemscope=\"itemscope\" itemtype=\"https:\/\/schema.org\/CreativeWork\" ><a href='https:\/\/karinnuts.com\/tr\/urun\/kavrulmus-findik-fure\/' title='KAVRULMU\u015e FINDIK F\u00dcRE'  data-rel='grid-1' class='grid-image avia-hover-fx'><img loading=\"lazy\" decoding=\"async\" width=\"260\" height=\"185\" src=\"https:\/\/karinnuts.com\/wp-content\/uploads\/2017\/03\/4-roasted-hazelnut-paste-1-260x185.jpg\" class=\"attachment-portfolio_small size-portfolio_small wp-post-image\" alt=\"\" \/><\/a><div class='grid-content'><div class='avia-arrow'><\/div><header class=\"entry-content-header\"><h3 class='grid-entry-title entry-title'  itemprop=\"headline\" ><a href='https:\/\/karinnuts.com\/tr\/urun\/kavrulmus-findik-fure\/' title='KAVRULMU\u015e FINDIK F\u00dcRE'>KAVRULMU\u015e FINDIK F\u00dcRE<\/a><\/h3><\/header><\/div><footer class=\"entry-footer\"><\/footer><\/article><\/div><div data-ajax-id='53' class=' grid-entry flex_column isotope-item all_sort no_margin post-entry post-entry-53 grid-entry-overview grid-loop-5 grid-parity-odd  findik_sort pralin-findik_sort  av_one_fourth first default_av_fullwidth '><article class='main_color inner-entry'  itemscope=\"itemscope\" itemtype=\"https:\/\/schema.org\/CreativeWork\" ><a href='https:\/\/karinnuts.com\/tr\/urun\/pralin-findik-kiyilmis\/' title='PRALIN FINDIK KIYILMI\u015e'  data-rel='grid-1' class='grid-image avia-hover-fx'><img loading=\"lazy\" decoding=\"async\" width=\"260\" height=\"185\" src=\"https:\/\/karinnuts.com\/wp-content\/uploads\/2017\/03\/5-pralin-hazelnut-grain-2-260x185.jpg\" class=\"attachment-portfolio_small size-portfolio_small wp-post-image\" alt=\"\" \/><\/a><div class='grid-content'><div class='avia-arrow'><\/div><header class=\"entry-content-header\"><h3 class='grid-entry-title entry-title'  itemprop=\"headline\" ><a href='https:\/\/karinnuts.com\/tr\/urun\/pralin-findik-kiyilmis\/' title='PRALIN FINDIK KIYILMI\u015e'>PRALIN FINDIK KIYILMI\u015e<\/a><\/h3><\/header><\/div><footer class=\"entry-footer\"><\/footer><\/article><\/div><div data-ajax-id='55' class=' grid-entry flex_column isotope-item all_sort no_margin post-entry post-entry-55 grid-entry-overview grid-loop-6 grid-parity-even  findik_sort krokan-findik_sort  av_one_fourth  default_av_fullwidth '><article class='main_color inner-entry'  itemscope=\"itemscope\" itemtype=\"https:\/\/schema.org\/CreativeWork\" ><a href='https:\/\/karinnuts.com\/tr\/urun\/krokan-findik\/' title='KROKAN FINDIK'  data-rel='grid-1' class='grid-image avia-hover-fx'><img loading=\"lazy\" decoding=\"async\" width=\"260\" height=\"185\" src=\"https:\/\/karinnuts.com\/wp-content\/uploads\/2017\/03\/6-croquant-hazelnut-2-260x185.jpg\" class=\"attachment-portfolio_small size-portfolio_small wp-post-image\" alt=\"\" \/><\/a><div class='grid-content'><div class='avia-arrow'><\/div><header class=\"entry-content-header\"><h3 class='grid-entry-title entry-title'  itemprop=\"headline\" ><a href='https:\/\/karinnuts.com\/tr\/urun\/krokan-findik\/' title='KROKAN FINDIK'>KROKAN FINDIK<\/a><\/h3><\/header><\/div><footer class=\"entry-footer\"><\/footer><\/article><\/div><div data-ajax-id='56' class=' grid-entry flex_column isotope-item all_sort no_margin post-entry post-entry-56 grid-entry-overview grid-loop-7 grid-parity-odd  post-entry-last  findik_sort pralin-findik_sort  av_one_fourth  default_av_fullwidth '><article class='main_color inner-entry'  itemscope=\"itemscope\" itemtype=\"https:\/\/schema.org\/CreativeWork\" ><a href='https:\/\/karinnuts.com\/tr\/urun\/pralin-findik-fure\/' title='PRALIN FINDIK F\u00dcRE'  data-rel='grid-1' class='grid-image avia-hover-fx'><img loading=\"lazy\" decoding=\"async\" width=\"260\" height=\"185\" src=\"https:\/\/karinnuts.com\/wp-content\/uploads\/2017\/03\/7-pralin-hazelnut-paste-2-260x185.jpg\" class=\"attachment-portfolio_small size-portfolio_small wp-post-image\" alt=\"\" \/><\/a><div class='grid-content'><div class='avia-arrow'><\/div><header class=\"entry-content-header\"><h3 class='grid-entry-title entry-title'  itemprop=\"headline\" ><a href='https:\/\/karinnuts.com\/tr\/urun\/pralin-findik-fure\/' title='PRALIN FINDIK F\u00dcRE'>PRALIN FINDIK F\u00dcRE<\/a><\/h3><\/header><\/div><footer class=\"entry-footer\"><\/footer><\/article><\/div><\/div>\n<\/div><\/div><\/div><!-- close content main div --><\/div><\/div><div id='after_section_2' class='main_color av_default_container_wrap container_wrap sidebar_right'   ><div class='container' ><div class='template-page content  av-content-small alpha units'><div class='post-entry post-entry-type-page post-entry-127'><div class='entry-content-wrapper clearfix'>\n","protected":false},"excerpt":{"rendered":"","protected":false},"author":1,"featured_media":0,"parent":0,"menu_order":9,"comment_status":"closed","ping_status":"closed","template":"","meta":{"footnotes":""},"class_list":["post-127","page","type-page","status-publish","hentry"],"_links":{"self":[{"href":"https:\/\/karinnuts.com\/tr\/wp-json\/wp\/v2\/pages\/127","targetHints":{"allow":["GET"]}}],"collection":[{"href":"https:\/\/karinnuts.com\/tr\/wp-json\/wp\/v2\/pages"}],"about":[{"href":"https:\/\/karinnuts.com\/tr\/wp-json\/wp\/v2\/types\/page"}],"author":[{"embeddable":true,"href":"https:\/\/karinnuts.com\/tr\/wp-json\/wp\/v2\/users\/1"}],"replies":[{"embeddable":true,"href":"https:\/\/karinnuts.com\/tr\/wp-json\/wp\/v2\/comments?post=127"}],"version-history":[{"count":5,"href":"https:\/\/karinnuts.com\/tr\/wp-json\/wp\/v2\/pages\/127\/revisions"}],"predecessor-version":[{"id":1065,"href":"https:\/\/karinnuts.com\/tr\/wp-json\/wp\/v2\/pages\/127\/revisions\/1065"}],"wp:attachment":[{"href":"https:\/\/karinnuts.com\/tr\/wp-json\/wp\/v2\/media?parent=127"}],"curies":[{"name":"wp","href":"https:\/\/api.w.org\/{rel}","templated":true}]}}